{"id":436,"date":"2026-04-12T09:44:02","date_gmt":"2026-04-12T09:44:02","guid":{"rendered":"https:\/\/jiggis.de\/?post_type=product&#038;p=436"},"modified":"2026-04-12T09:47:04","modified_gmt":"2026-04-12T09:47:04","slug":"fruehstueck-erwachsene","status":"publish","type":"product","link":"https:\/\/jiggis.de\/en\/product\/fruehstueck-erwachsene\/","title":{"rendered":"T\u00fcrkisches Fr\u00fchst\u00fcck Erwachsene"},"content":{"rendered":"<p>T\u00fcrkisches Fr\u00fchst\u00fcck\/Erwachsene<\/p>","protected":false},"excerpt":{"rendered":"<p>T\u00fcrkisches Fr\u00fchst\u00fcck\/Erwachsene<\/p>","protected":false},"featured_media":0,"template":"","meta":[],"product_brand":[],"product_cat":[19],"product_tag":[],"class_list":{"0":"post-436","1":"product","2":"type-product","3":"status-publish","5":"product_cat-unkategorisiert","7":"first","8":"instock","9":"downloadable","10":"virtual","11":"taxable","12":"purchasable","13":"product-type-simple"},"_links":{"self":[{"href":"https:\/\/jiggis.de\/en\/wp-json\/wp\/v2\/product\/436","targetHints":{"allow":["GET"]}}],"collection":[{"href":"https:\/\/jiggis.de\/en\/wp-json\/wp\/v2\/product"}],"about":[{"href":"https:\/\/jiggis.de\/en\/wp-json\/wp\/v2\/types\/product"}],"wp:attachment":[{"href":"https:\/\/jiggis.de\/en\/wp-json\/wp\/v2\/media?parent=436"}],"wp:term":[{"taxonomy":"product_brand","embeddable":true,"href":"https:\/\/jiggis.de\/en\/wp-json\/wp\/v2\/product_brand?post=436"},{"taxonomy":"product_cat","embeddable":true,"href":"https:\/\/jiggis.de\/en\/wp-json\/wp\/v2\/product_cat?post=436"},{"taxonomy":"product_tag","embeddable":true,"href":"https:\/\/jiggis.de\/en\/wp-json\/wp\/v2\/product_tag?post=436"}],"curies":[{"name":"wp","href":"https:\/\/api.w.org\/{rel}","templated":true}]}}