{"id":437,"date":"2026-04-12T09:46:25","date_gmt":"2026-04-12T09:46:25","guid":{"rendered":"https:\/\/jiggis.de\/?post_type=product&#038;p=437"},"modified":"2026-04-12T09:46:25","modified_gmt":"2026-04-12T09:46:25","slug":"tuerkisches-fruehstueck-kind-4-12-jahre","status":"publish","type":"product","link":"https:\/\/jiggis.de\/en\/product\/tuerkisches-fruehstueck-kind-4-12-jahre\/","title":{"rendered":"T\u00fcrkisches Fr\u00fchst\u00fcck Kind 4-12 Jahre"},"content":{"rendered":"","protected":false},"excerpt":{"rendered":"","protected":false},"featured_media":0,"template":"","meta":[],"product_brand":[],"product_cat":[19],"product_tag":[],"class_list":{"0":"post-437","1":"product","2":"type-product","3":"status-publish","5":"product_cat-unkategorisiert","7":"first","8":"instock","9":"taxable","10":"shipping-taxable","11":"purchasable","12":"product-type-simple"},"_links":{"self":[{"href":"https:\/\/jiggis.de\/en\/wp-json\/wp\/v2\/product\/437","targetHints":{"allow":["GET"]}}],"collection":[{"href":"https:\/\/jiggis.de\/en\/wp-json\/wp\/v2\/product"}],"about":[{"href":"https:\/\/jiggis.de\/en\/wp-json\/wp\/v2\/types\/product"}],"wp:attachment":[{"href":"https:\/\/jiggis.de\/en\/wp-json\/wp\/v2\/media?parent=437"}],"wp:term":[{"taxonomy":"product_brand","embeddable":true,"href":"https:\/\/jiggis.de\/en\/wp-json\/wp\/v2\/product_brand?post=437"},{"taxonomy":"product_cat","embeddable":true,"href":"https:\/\/jiggis.de\/en\/wp-json\/wp\/v2\/product_cat?post=437"},{"taxonomy":"product_tag","embeddable":true,"href":"https:\/\/jiggis.de\/en\/wp-json\/wp\/v2\/product_tag?post=437"}],"curies":[{"name":"wp","href":"https:\/\/api.w.org\/{rel}","templated":true}]}}